{"id":1235,"date":"2015-02-07T19:56:11","date_gmt":"2015-02-07T18:56:11","guid":{"rendered":"http:\/\/www.dedinkeltuin.nl\/?page_id=1235"},"modified":"2026-03-08T10:10:13","modified_gmt":"2026-03-08T09:10:13","slug":"der-garten-2","status":"publish","type":"page","link":"http:\/\/www.dedinkeltuin.nl\/?lang=de","title":{"rendered":"Der Garten. (Alle Fotos wurden in unserem Garten aufgenommen)"},"content":{"rendered":"<p><strong>Danke f\u00fcr Ihren Besuch auf unserer Website. <\/strong><\/p>\n<p><strong>Sehen Sie auch die Seite <a href=\"https:\/\/www.dedinkeltuin.nl\/?page_id=1499&amp;lang=de\" target=\"_blank\" rel=\"noopener\">&#8220;Tage der offenen T\u00fcr 2026&#8221;<\/a>.<\/strong><\/p>\n<p>Unser Haus wurde im Jahr 1978 gebaut. Am Anfang, wie es damals \u00fcblich war, wuchsen im&nbsp;Garten meist Heidepflanzen&nbsp;und es gab ein riesiger Rasen. Insgesamt etwa 1400 Quadratmetern.<\/p>\n<p>Langsam aber sicher wurde die Heide entfernt und fingen wir mit der richtige Planung des Gartens. Durch Versuch und Irrtum wurden&nbsp;wir immer kl\u00fcger.<\/p>\n<p>Seit etwa 30 Jahren hat Cor sich besch\u00e4ftigt mit den Anbau und Vermehrung von Helleborus. Ab 2006 begannen wir Schneegl\u00f6ckchen zu&nbsp;sammeln. Wir haben jetzt mehr als 130 Sorten davon. Aber&nbsp;auch Rosen, Hydrangeas, Hemerocallis und P\u00e4onien sind in unserem Garten sehr&nbsp;wichtig.<\/p>\n<p>Sie sind mehr als willkommen, uns zu besuchen und sich den Garten anzuschauen.<\/p>\n<p><a href=\"http:\/\/www.dedinkeltuin.nl\/wp-content\/uploads\/2015\/10\/Border-voor.jpg\"><img loading=\"lazy\" decoding=\"async\" class=\"aligncenter wp-image-2796 size-large\" src=\"http:\/\/www.dedinkeltuin.nl\/wp-content\/uploads\/2015\/10\/Border-voor-1024x768.jpg\" alt=\"Border voor\" width=\"604\" height=\"453\" srcset=\"http:\/\/www.dedinkeltuin.nl\/wp-content\/uploads\/2015\/10\/Border-voor-1024x768.jpg 1024w, http:\/\/www.dedinkeltuin.nl\/wp-content\/uploads\/2015\/10\/Border-voor-300x225.jpg 300w\" sizes=\"auto, (max-width: 604px) 100vw, 604px\" \/><\/a><\/p>\n<ul>\n<li><span style=\"line-height: 1.5;\">Ein sch\u00f6ner Fr\u00fchlings Eindruck, von Arend van den Nieuwenhuizen gemacht, finden Sie <strong><a href=\"http:\/\/www.dedinkeltuin.nl\/wp-content\/uploads\/2020\/01\/Fr%C3%BCher-Fr%C3%BChling-Over-een-bijzonder-tuinbezoek.pptx\" target=\"_blank\" rel=\"noopener noreferrer\">Hier<\/a> Fr\u00fcher Fr\u00fchling <\/strong>(die Pr\u00e4sentation ist 19 Mb, so dass es Zeit braucht, um diese zu laden).<\/span><\/li>\n<li>Am 21. M\u00e4rz 2023 gab es im Fernsehen eine Sendung von BinnensteBuiten, in der auch unser Fr\u00fchlingsgarten zu sehen war. Nutzen Sie dazu diesen<a href=\"https:\/\/binnenstebuiten.kro-ncrv.nl\/natuur\/video\/voorjaarsbloeiers-in-denekamp\" target=\"_blank\" rel=\"noopener\"><strong> LINK<\/strong><\/a>. Eine Warnung: In dieser Aufnahme wird nur Niederl\u00e4ndisch gesprochen, aber die Bilder sind wundersch\u00f6n.&nbsp;<\/li>\n<\/ul>\n<p><span style=\"line-height: 1.5;\">Aber &#8230;&#8230; das lohnt sich!<\/span><\/p>\n<p><span style=\"font-size: 8pt;\"><strong>Letzte Aktualisierung: 17-01-2026<\/strong>.<\/span><\/p>\n\n\n<p><\/p>\n","protected":false},"excerpt":{"rendered":"<p>Danke f\u00fcr Ihren Besuch auf unserer Website. Sehen Sie auch die Seite &#8220;Tage der offenen T\u00fcr 2026&#8221;. Unser Haus wurde im Jahr 1978 gebaut. Am Anfang, wie es damals \u00fcblich war, wuchsen im&nbsp;Garten meist Heidepflanzen&nbsp;und es gab ein riesiger Rasen. Insgesamt etwa 1400 Quadratmetern. Langsam aber sicher wurde die Heide entfernt und fingen wir mit &hellip; <a href=\"http:\/\/www.dedinkeltuin.nl\/?lang=de\" class=\"more-link\">Continue reading <span class=\"screen-reader-text\">Der Garten. (Alle Fotos wurden in unserem Garten aufgenommen)<\/span> <span class=\"meta-nav\">&rarr;<\/span><\/a><\/p>\n","protected":false},"author":1,"featured_media":0,"parent":0,"menu_order":3100,"comment_status":"closed","ping_status":"closed","template":"","meta":{"ngg_post_thumbnail":0,"footnotes":""},"class_list":["post-1235","page","type-page","status-publish","hentry"],"_links":{"self":[{"href":"http:\/\/www.dedinkeltuin.nl\/index.php?rest_route=\/wp\/v2\/pages\/1235","targetHints":{"allow":["GET"]}}],"collection":[{"href":"http:\/\/www.dedinkeltuin.nl\/index.php?rest_route=\/wp\/v2\/pages"}],"about":[{"href":"http:\/\/www.dedinkeltuin.nl\/index.php?rest_route=\/wp\/v2\/types\/page"}],"author":[{"embeddable":true,"href":"http:\/\/www.dedinkeltuin.nl\/index.php?rest_route=\/wp\/v2\/users\/1"}],"replies":[{"embeddable":true,"href":"http:\/\/www.dedinkeltuin.nl\/index.php?rest_route=%2Fwp%2Fv2%2Fcomments&post=1235"}],"version-history":[{"count":83,"href":"http:\/\/www.dedinkeltuin.nl\/index.php?rest_route=\/wp\/v2\/pages\/1235\/revisions"}],"predecessor-version":[{"id":4858,"href":"http:\/\/www.dedinkeltuin.nl\/index.php?rest_route=\/wp\/v2\/pages\/1235\/revisions\/4858"}],"wp:attachment":[{"href":"http:\/\/www.dedinkeltuin.nl\/index.php?rest_route=%2Fwp%2Fv2%2Fmedia&parent=1235"}],"curies":[{"name":"wp","href":"https:\/\/api.w.org\/{rel}","templated":true}]}}