{"id":1323,"date":"2015-03-18T19:27:30","date_gmt":"2015-03-18T18:27:30","guid":{"rendered":"http:\/\/www.dedinkeltuin.nl\/?page_id=1323"},"modified":"2015-10-15T12:37:01","modified_gmt":"2015-10-15T10:37:01","slug":"helleborus-dcul","status":"publish","type":"page","link":"http:\/\/www.dedinkeltuin.nl\/?page_id=1323&lang=de","title":{"rendered":"Helleborus: Kultur und Vermehrung"},"content":{"rendered":"<p>Nat\u00fcrlich kann man im Fr\u00fchjahr bei einen Z\u00fcchter oder in viele Gartenzentren sich eine sch\u00f6ne Pflanze erwerben. Der Vorteil ist, dass mann\u00a0sieht wie die Pflanze bl\u00fcht. Aber denken Sie daran, dass eine solche Pflanze kostspielig sein kann. Es ist sehr wichtig um die gekaufte Pflanze so bald wie m\u00f6glich aus den Topf zu nemen und im Garten zu pflanzen. Und dass kann manchmal schon\u00a0ein Problem darstellen, besonders bei Frost.<\/p>\n<p>Sobald die Pflanze gut\u00a0w\u00e4chst (nach ein paar Jahren) kan eine gro\u00dfe Pflanze\u00a0in kleinere Teile geteilt\u00a0werden. Tun Sie dies in dem Monat September. Nicht sp\u00e4ter, weil dann die Knospenbildung gest\u00f6rt wird. Nehmen Sie die gesamte Pflanze auf und\u00a0sp\u00fclen Sie so weit wie m\u00f6glich die\u00a0Wurzeln frei von Erde, und teilen Sie die Pflanze in St\u00fccke mit jeweils mindestens drei klaren Augen (Knospen). Pflanzen Sie\u00a0die Teile direkt am ausgew\u00e4hlten\u00a0Bestimmungsort in gut vorbereitete Erde. Geben Sie\u00a0sofort reichlich Wasser .<\/p>\n<p>Es ist zwar zeitaufwendig, aber es ist auch durchaus m\u00f6glich, Pflanzen aus Samen selbst neu zu z\u00fcchten. Die Pflanzen\u00a0produzieren in der Regel viele Samen, die Ende Mai oder im Juni reif sind. Diese Samen werden etwa Mitte Dezember keimen. In einem sehr strengen Winter,\u00a0werden wahrscheinlich alle\u00a0S\u00e4mlinge im Freien erfrieren, aber in einer milderen Winter \u00fcberleben die und wachsen im Sommer zu Pflanzen mit drei Bl\u00e4ttern. Diese kleinen Pflanzen, k\u00f6nnen\u00a0Sie aufnehmen und an einem anderen Ort wachsen lassen. Nach etwa drei Jahren werden sie die ersten Bl\u00fcten hervorbringen.<\/p>\n<p><strong><a title=\"Helleborus\" href=\"http:\/\/www.dedinkeltuin.nl\/?page_id=1310\">Zur\u00fcck zur Hauptseite von Helleborus.<\/a><\/strong><\/p>\n","protected":false},"excerpt":{"rendered":"<p>Nat\u00fcrlich kann man im Fr\u00fchjahr bei einen Z\u00fcchter oder in viele Gartenzentren sich eine sch\u00f6ne Pflanze erwerben. Der Vorteil ist, dass mann\u00a0sieht wie die Pflanze bl\u00fcht. Aber denken Sie daran, dass eine solche Pflanze kostspielig sein kann. Es ist sehr wichtig um die gekaufte Pflanze so bald wie m\u00f6glich aus den Topf zu nemen und &hellip; <a href=\"http:\/\/www.dedinkeltuin.nl\/?page_id=1323&#038;lang=de\" class=\"more-link\">Continue reading <span class=\"screen-reader-text\">Helleborus: Kultur und Vermehrung<\/span> <span class=\"meta-nav\">&rarr;<\/span><\/a><\/p>\n","protected":false},"author":1,"featured_media":0,"parent":0,"menu_order":3230,"comment_status":"closed","ping_status":"closed","template":"","meta":{"ngg_post_thumbnail":0,"footnotes":""},"class_list":["post-1323","page","type-page","status-publish","hentry"],"_links":{"self":[{"href":"http:\/\/www.dedinkeltuin.nl\/index.php?rest_route=\/wp\/v2\/pages\/1323","targetHints":{"allow":["GET"]}}],"collection":[{"href":"http:\/\/www.dedinkeltuin.nl\/index.php?rest_route=\/wp\/v2\/pages"}],"about":[{"href":"http:\/\/www.dedinkeltuin.nl\/index.php?rest_route=\/wp\/v2\/types\/page"}],"author":[{"embeddable":true,"href":"http:\/\/www.dedinkeltuin.nl\/index.php?rest_route=\/wp\/v2\/users\/1"}],"replies":[{"embeddable":true,"href":"http:\/\/www.dedinkeltuin.nl\/index.php?rest_route=%2Fwp%2Fv2%2Fcomments&post=1323"}],"version-history":[{"count":10,"href":"http:\/\/www.dedinkeltuin.nl\/index.php?rest_route=\/wp\/v2\/pages\/1323\/revisions"}],"predecessor-version":[{"id":1712,"href":"http:\/\/www.dedinkeltuin.nl\/index.php?rest_route=\/wp\/v2\/pages\/1323\/revisions\/1712"}],"wp:attachment":[{"href":"http:\/\/www.dedinkeltuin.nl\/index.php?rest_route=%2Fwp%2Fv2%2Fmedia&parent=1323"}],"curies":[{"name":"wp","href":"https:\/\/api.w.org\/{rel}","templated":true}]}}