{"id":1329,"date":"2015-03-18T19:29:45","date_gmt":"2015-03-18T18:29:45","guid":{"rendered":"http:\/\/www.dedinkeltuin.nl\/?page_id=1329"},"modified":"2015-11-24T19:37:22","modified_gmt":"2015-11-24T18:37:22","slug":"helleborus-dca","status":"publish","type":"page","link":"http:\/\/www.dedinkeltuin.nl\/?page_id=1329&lang=de","title":{"rendered":"Helleborus: Versorgung"},"content":{"rendered":"<p>&nbsp;<\/p>\n<p>Pflege beginnt mit der Pflanzung. Bereiten Sie ein gro\u00dfes Loch, zwei Spaten tief und etwa 30 cm im Durchmesser. Mischen Sie ausreichend organisches Material (Kompost oder vorzugsweise gut verrotteten Stalld\u00fcnger durch den Boden und pflanzen Sie die Hellebores in der gleichen Tiefe wie in den Topf. Wenn die Pflanze zu tief in den Boden gestellt wird, sieht man sehr wenig oder keine Blumen. Nach dem Pflanzen geben Sie reichlich Wasser.<\/p>\n<p>Im Fr\u00fchjahr, kann es notwendig sein, um die Blumen gegen eine Kombination von harten Frost, Wind und Sonne zu sch\u00fctzen. Insbesondere die Kombination dieser drei k\u00f6nnte permanent die Blumen besch\u00e4digen. Ein einfaches Mittel des Schutzes ist es, die Pflanze mit einem Eimer zu decken.<\/p>\n<p>Mit Frost k\u00f6nnen die Stiele (von Blatt und Bl\u00fctenstiel)von Helleborus x hybridus insbesondere sich flach auf den Boden hinlegen. Dies ist wirklich ein trauriger Anblick, aber sobald die Temperatur steigt, wird der Stiel sich wieder aufrichten.<\/p>\n<p>Im Sommer k\u00f6nnen Sie etwas Kalk oder allgemeinen D\u00fcnger verwenden. In trockenen, warmen Perioden kann es notwendig sein, um zu bew\u00e4ssern. Austrocknung der Pflanzen wird zu schlechten Wachstum und schlechte Bl\u00fcte im n\u00e4chsten Jahr f\u00fchren.<\/p>\n<p>Um die Pflanzen zu verhindern sich sich durch Samen zu vermehren, k\u00f6nnen Sie die Bl\u00fctenstiele so tief wie m\u00f6glich im sp\u00e4ten Mai abschneiden. Setzen Sie nicht die abgeschnittenen Stiele in den Komposthaufen, aber vernichten Sie die (oder in den M\u00fclltonne damit).<\/p>\n<p>Ende Oktober schneide ich alle Bl\u00e4tter ab (Achtung: nur von die stammlosen Arten, finden Sie im Kapittel <a href=\"http:\/\/www.dedinkeltuin.nl\/?page_id=1338\" target=\"_blank\"><strong>&#8220;Die Arten&#8221;<\/strong><\/a>). Auch hier: bringen Sie nicht die abgeschnittenen Bl\u00e4tter in den Komposthaufen, aber werfen sie die weg. Der Vorteil des Schneidens der Bl\u00e4tter ist dass die Bl\u00e4tter, die Blumen der Nachbarpflanzen, wenn der Wind weht nicht besch\u00e4digen. Auch nach meiner Erfahrung, fressen die M\u00e4use nicht die Knospen ohne die komfortablen Schutz der Bl\u00e4tter.<br \/>\n<a title=\"Helleborus\" href=\"http:\/\/www.dedinkeltuin.nl\/?page_id=1310\"><strong>Zur\u00fcck zur Hauptseite von Helleborus.<\/strong><\/a><\/p>\n","protected":false},"excerpt":{"rendered":"<p>&nbsp; Pflege beginnt mit der Pflanzung. Bereiten Sie ein gro\u00dfes Loch, zwei Spaten tief und etwa 30 cm im Durchmesser. Mischen Sie ausreichend organisches Material (Kompost oder vorzugsweise gut verrotteten Stalld\u00fcnger durch den Boden und pflanzen Sie die Hellebores in der gleichen Tiefe wie in den Topf. Wenn die Pflanze zu tief in den Boden &hellip; <a href=\"http:\/\/www.dedinkeltuin.nl\/?page_id=1329&#038;lang=de\" class=\"more-link\">Continue reading <span class=\"screen-reader-text\">Helleborus: Versorgung<\/span> <span class=\"meta-nav\">&rarr;<\/span><\/a><\/p>\n","protected":false},"author":1,"featured_media":0,"parent":0,"menu_order":3250,"comment_status":"closed","ping_status":"closed","template":"","meta":{"ngg_post_thumbnail":0,"footnotes":""},"class_list":["post-1329","page","type-page","status-publish","hentry"],"_links":{"self":[{"href":"http:\/\/www.dedinkeltuin.nl\/index.php?rest_route=\/wp\/v2\/pages\/1329","targetHints":{"allow":["GET"]}}],"collection":[{"href":"http:\/\/www.dedinkeltuin.nl\/index.php?rest_route=\/wp\/v2\/pages"}],"about":[{"href":"http:\/\/www.dedinkeltuin.nl\/index.php?rest_route=\/wp\/v2\/types\/page"}],"author":[{"embeddable":true,"href":"http:\/\/www.dedinkeltuin.nl\/index.php?rest_route=\/wp\/v2\/users\/1"}],"replies":[{"embeddable":true,"href":"http:\/\/www.dedinkeltuin.nl\/index.php?rest_route=%2Fwp%2Fv2%2Fcomments&post=1329"}],"version-history":[{"count":13,"href":"http:\/\/www.dedinkeltuin.nl\/index.php?rest_route=\/wp\/v2\/pages\/1329\/revisions"}],"predecessor-version":[{"id":3088,"href":"http:\/\/www.dedinkeltuin.nl\/index.php?rest_route=\/wp\/v2\/pages\/1329\/revisions\/3088"}],"wp:attachment":[{"href":"http:\/\/www.dedinkeltuin.nl\/index.php?rest_route=%2Fwp%2Fv2%2Fmedia&parent=1329"}],"curies":[{"name":"wp","href":"https:\/\/api.w.org\/{rel}","templated":true}]}}