{"id":1332,"date":"2015-03-18T19:30:50","date_gmt":"2015-03-18T18:30:50","guid":{"rendered":"http:\/\/www.dedinkeltuin.nl\/?page_id=1332"},"modified":"2015-11-24T19:37:55","modified_gmt":"2015-11-24T18:37:55","slug":"helleborus-dfee","status":"publish","type":"page","link":"http:\/\/www.dedinkeltuin.nl\/?page_id=1332&lang=de","title":{"rendered":"Helleborus: D\u00fcngung"},"content":{"rendered":"<p>Wenn das Pflanzloch gut vorbereitet ist, brauchen die Pflanzen nicht viel Nahrung in den ersten paar Jahren.<\/p>\n<p>Ein wenig Kalk und allgemeinen D\u00fcnger kann rund um die Pflanzen im Sommer verstreut werden. Den D\u00fcnger nicht im Herzen der Pflanze streuen: Wenn dies geschieht, wird die Pflanze &#8216;verbrennen&#8217;.<\/p>\n<p>Im Herbst, nach dem Abschneiden der Bl\u00e4tter, k\u00f6nnen Sie vielleicht etwas Humus, alter Mist oder (Garten) Kompost \u00fcber und zwischen den Pflanzen verteilen.<\/p>\n<p>&nbsp;<\/p>\n<p><a title=\"Helleborus\" href=\"http:\/\/www.dedinkeltuin.nl\/?page_id=1310\"><strong>Zur\u00fcck zur Hauptseite von Helleborus.<\/strong><\/a><\/p>\n","protected":false},"excerpt":{"rendered":"<p>Wenn das Pflanzloch gut vorbereitet ist, brauchen die Pflanzen nicht viel Nahrung in den ersten paar Jahren. Ein wenig Kalk und allgemeinen D\u00fcnger kann rund um die Pflanzen im Sommer verstreut werden. Den D\u00fcnger nicht im Herzen der Pflanze streuen: Wenn dies geschieht, wird die Pflanze &#8216;verbrennen&#8217;. Im Herbst, nach dem Abschneiden der Bl\u00e4tter, k\u00f6nnen &hellip; <a href=\"http:\/\/www.dedinkeltuin.nl\/?page_id=1332&#038;lang=de\" class=\"more-link\">Continue reading <span class=\"screen-reader-text\">Helleborus: D\u00fcngung<\/span> <span class=\"meta-nav\">&rarr;<\/span><\/a><\/p>\n","protected":false},"author":1,"featured_media":0,"parent":0,"menu_order":3260,"comment_status":"closed","ping_status":"closed","template":"","meta":{"ngg_post_thumbnail":0,"footnotes":""},"class_list":["post-1332","page","type-page","status-publish","hentry"],"_links":{"self":[{"href":"http:\/\/www.dedinkeltuin.nl\/index.php?rest_route=\/wp\/v2\/pages\/1332","targetHints":{"allow":["GET"]}}],"collection":[{"href":"http:\/\/www.dedinkeltuin.nl\/index.php?rest_route=\/wp\/v2\/pages"}],"about":[{"href":"http:\/\/www.dedinkeltuin.nl\/index.php?rest_route=\/wp\/v2\/types\/page"}],"author":[{"embeddable":true,"href":"http:\/\/www.dedinkeltuin.nl\/index.php?rest_route=\/wp\/v2\/users\/1"}],"replies":[{"embeddable":true,"href":"http:\/\/www.dedinkeltuin.nl\/index.php?rest_route=%2Fwp%2Fv2%2Fcomments&post=1332"}],"version-history":[{"count":7,"href":"http:\/\/www.dedinkeltuin.nl\/index.php?rest_route=\/wp\/v2\/pages\/1332\/revisions"}],"predecessor-version":[{"id":3089,"href":"http:\/\/www.dedinkeltuin.nl\/index.php?rest_route=\/wp\/v2\/pages\/1332\/revisions\/3089"}],"wp:attachment":[{"href":"http:\/\/www.dedinkeltuin.nl\/index.php?rest_route=%2Fwp%2Fv2%2Fmedia&parent=1332"}],"curies":[{"name":"wp","href":"https:\/\/api.w.org\/{rel}","templated":true}]}}