{"id":1335,"date":"2015-03-18T19:31:32","date_gmt":"2015-03-18T18:31:32","guid":{"rendered":"http:\/\/www.dedinkeltuin.nl\/?page_id=1335"},"modified":"2015-11-24T19:38:27","modified_gmt":"2015-11-24T18:38:27","slug":"helleborus-ddis","status":"publish","type":"page","link":"http:\/\/www.dedinkeltuin.nl\/?page_id=1335&lang=de","title":{"rendered":"Helleborus: Krankheiten und Sch\u00e4dlinge"},"content":{"rendered":"<p>Krankheiten sind nicht \u00fcblich. Black Spot (auch bekannt als: Blattflecken) ist eine. Diese Krankheit wurde benannt nach einer Pilzinfektion, die schwarzen Flecken auf den Bl\u00e4ttern verursacht. Schwarzer Tod ist eine weitere h\u00e4ufige Erkrankung, die durch ein Virus verursacht wird. In diesem Fall zeigen die Blumen oft feine schwarze Linien oder Streifen. F\u00fcr Amateurz\u00fcchter gibt es keine Pestizide, um diese Krankheiten zu kontrollieren. Wenn die ersten Symptome zeigen, die betroffenen Teile wegwerfen (in den M\u00fclleimer damit). Das funktioniert oft gut. Wenn der Befall noch schlimmer wird gibt es nur eine L\u00f6sung: Graben Sie die Pflanze aus und werfen Sie die Pflanze im M\u00fclleimer.<\/p>\n<p>Plagen sind reichlich. Die wichtigste Pest: ein Besuch von Blattl\u00e4usen. Bek\u00e4mpfung dieser ist ziemlich einfach. Ein Gemisch aus Sp\u00fclmittel-Fl\u00fcssigkeit und denaturierten Alkohol und Wasser l\u00f6st oft die meisten Probleme.<\/p>\n<p>Besonders im Fr\u00fchjahr, k\u00f6nnen Asseln die Blumen und die jungen Bl\u00e4tter besch\u00e4digen, aber das ist nicht ein gro\u00dfes Problem.<\/p>\n<p>M\u00e4usen sowie Kaninchen k\u00f6nnen ein echtes Problem darstellen. Vor allem im Winter und Fr\u00fchjahr, k\u00f6nnen diese Tierchen das &#8220;angehende gr\u00fcne&#8221; als willkommene Erg\u00e4nzung, f\u00fcr ihre Ern\u00e4hrung ausw\u00e4hlen. M\u00e4use finden S\u00e4mlinge von Helleborus auch sehr k\u00f6stlich.<\/p>\n<p>Schnecken bilden keine Gefahr f\u00fcr die reife Pflanze, aber sie lieben es ein Topf voller S\u00e4mlingen zu verschlingen. Und das alles, vorzugsweise in einem Besuch.<\/p>\n<p>Ich mag an dieser Stelle betonen, dass Ameisen absolut keine Schaden anrichten. Ameisen k\u00f6nnen \u00e4rgerlich sein, weil sie Samen von Hellebores verschleppen. Sie finden die Samen nie wieder, aber an den seltsamsten Stellen im Garten finden Sie nach ein paar Jahre Helleborus-pflanzen. Ist das ein Problem?<\/p>\n<p>&nbsp;<\/p>\n<p><a title=\"Helleborus\" href=\"http:\/\/www.dedinkeltuin.nl\/?page_id=1310\"><strong>Zur\u00fcck zur Hauptseite von Helleborus.<\/strong><\/a><\/p>\n","protected":false},"excerpt":{"rendered":"<p>Krankheiten sind nicht \u00fcblich. Black Spot (auch bekannt als: Blattflecken) ist eine. Diese Krankheit wurde benannt nach einer Pilzinfektion, die schwarzen Flecken auf den Bl\u00e4ttern verursacht. Schwarzer Tod ist eine weitere h\u00e4ufige Erkrankung, die durch ein Virus verursacht wird. In diesem Fall zeigen die Blumen oft feine schwarze Linien oder Streifen. F\u00fcr Amateurz\u00fcchter gibt es &hellip; <a href=\"http:\/\/www.dedinkeltuin.nl\/?page_id=1335&#038;lang=de\" class=\"more-link\">Continue reading <span class=\"screen-reader-text\">Helleborus: Krankheiten und Sch\u00e4dlinge<\/span> <span class=\"meta-nav\">&rarr;<\/span><\/a><\/p>\n","protected":false},"author":1,"featured_media":0,"parent":0,"menu_order":3270,"comment_status":"closed","ping_status":"closed","template":"","meta":{"ngg_post_thumbnail":0,"footnotes":""},"class_list":["post-1335","page","type-page","status-publish","hentry"],"_links":{"self":[{"href":"http:\/\/www.dedinkeltuin.nl\/index.php?rest_route=\/wp\/v2\/pages\/1335","targetHints":{"allow":["GET"]}}],"collection":[{"href":"http:\/\/www.dedinkeltuin.nl\/index.php?rest_route=\/wp\/v2\/pages"}],"about":[{"href":"http:\/\/www.dedinkeltuin.nl\/index.php?rest_route=\/wp\/v2\/types\/page"}],"author":[{"embeddable":true,"href":"http:\/\/www.dedinkeltuin.nl\/index.php?rest_route=\/wp\/v2\/users\/1"}],"replies":[{"embeddable":true,"href":"http:\/\/www.dedinkeltuin.nl\/index.php?rest_route=%2Fwp%2Fv2%2Fcomments&post=1335"}],"version-history":[{"count":7,"href":"http:\/\/www.dedinkeltuin.nl\/index.php?rest_route=\/wp\/v2\/pages\/1335\/revisions"}],"predecessor-version":[{"id":3090,"href":"http:\/\/www.dedinkeltuin.nl\/index.php?rest_route=\/wp\/v2\/pages\/1335\/revisions\/3090"}],"wp:attachment":[{"href":"http:\/\/www.dedinkeltuin.nl\/index.php?rest_route=%2Fwp%2Fv2%2Fmedia&parent=1335"}],"curies":[{"name":"wp","href":"https:\/\/api.w.org\/{rel}","templated":true}]}}