{"id":1338,"date":"2015-03-18T19:32:01","date_gmt":"2015-03-18T18:32:01","guid":{"rendered":"http:\/\/www.dedinkeltuin.nl\/?page_id=1338"},"modified":"2015-11-24T19:39:09","modified_gmt":"2015-11-24T18:39:09","slug":"helleborus-dspe","status":"publish","type":"page","link":"http:\/\/www.dedinkeltuin.nl\/?page_id=1338&lang=de","title":{"rendered":"Helleborus: Die Arten"},"content":{"rendered":"<p>Die Gattung Helleborus geh\u00f6rt zu den Ranunculaceae, wie unsere Butterblume oder der Akelegia. \u00dcber 20 Arten existieren innerhalb der Gattung Helleborus. Durch den Prozess der Hybridisierung ist eine unvorstellbare Anzahl von Hybriden entstanden. Viele Hybriden verf\u00fcgen \u00fcber H. orientalis und \/ oder H. torquatus als einer ihrer Vorfahren. Diese werden offiziell mit dem Namen Helleborus x hybridus angedeutet.<\/p>\n<p>Die Spezies der Gattung Hellebores k\u00f6nnen in zwei Gruppen eingeteilt werden:<\/p>\n<p>1. Die Gruppe mit der wahren Stengel, an denen die Bl\u00e4tter befestigt sind.<br \/>\n2. Die Gruppe ohne wahre Stielen.<br \/>\nGruppe 1 enth\u00e4lt:<\/p>\n<p>Helleborus corsicus<br \/>\nHelleborus foetidus<br \/>\nHelleborus lividus<br \/>\nHelleborus vesicarius<\/p>\n<p>Der Stengel von Helleborus vesicarius ist j\u00e4hrlich und kann so im Herbst entfernt werden. Tun Sie dies nicht mit der anderen drei: der diesj\u00e4hrigen Stengel bringt im n\u00e4chsten Jahr die Bl\u00fcten. Die Stiele, die gebl\u00fcht haben kann man ende Juli tief wegschneiden. Im Allgemeinen leben diese Pflanzen nicht sehr lange, aber durch Samen werden ausreichend Nachkommen erzeugt.<\/p>\n<p>H. lividus und H. vesicarius sind nicht besonders starke Pflanzen. Gerade in harten Wintern, sind es die ersten Opfer.<\/p>\n<p>Gruppe 2 enth\u00e4lt:<\/p>\n<p>Helleborus atrorubens<br \/>\nHelleborus croaticus<br \/>\nHelleborus cyclophyllus<br \/>\nHelleborus dumetorum<br \/>\nHelleborus abruzzicus<br \/>\nHelleborus liguricus<br \/>\nHelleborus boconei<br \/>\nHelleborus multifidus<br \/>\nHelleborus multifidus subsp. hercegovinus<br \/>\nHelleborus multifidus subsp. istriacus<br \/>\nHelleborus multifidus subsp. multifidus<br \/>\nHelleborus niger<br \/>\nHelleborus niger subsp. macranthus (syn. H. niger major)<br \/>\nHelleborus niger subsp. niger<br \/>\nHelleborus odorus<br \/>\nHelleborus odorus subsp. laxus<br \/>\nHelleborus odorus subsp. odorus<br \/>\nHelleborus orientalis (Hinweis: die meisten dieser Pflanzen werden jetzt als H. x hybridus benannt)<br \/>\nHelleborus orientalis subsp. abchasicus (syn. H. abchasicus)<br \/>\nHelleborus orientalis subsp. orientalis (syn H. caucasicus, H. kochii.)<br \/>\nHelleborus purpurascens<br \/>\nHelleborus thibetanus (syn H. chinensis, der einzige art aus China.)<br \/>\nHelleborus torquatus<br \/>\nHelleborus viridis<br \/>\nHelleborus Helleborus occidentalis (fr\u00fcher benannt als: H. viridis subsp occidentalis)<\/p>\n<p><strong><a title=\"Helleborus\" href=\"http:\/\/www.dedinkeltuin.nl\/?page_id=1310\">Zur\u00fcck zur Hauptseite von Helleborus.<\/a><\/strong><\/p>\n","protected":false},"excerpt":{"rendered":"<p>Die Gattung Helleborus geh\u00f6rt zu den Ranunculaceae, wie unsere Butterblume oder der Akelegia. \u00dcber 20 Arten existieren innerhalb der Gattung Helleborus. Durch den Prozess der Hybridisierung ist eine unvorstellbare Anzahl von Hybriden entstanden. Viele Hybriden verf\u00fcgen \u00fcber H. orientalis und \/ oder H. torquatus als einer ihrer Vorfahren. Diese werden offiziell mit dem Namen Helleborus &hellip; <a href=\"http:\/\/www.dedinkeltuin.nl\/?page_id=1338&#038;lang=de\" class=\"more-link\">Continue reading <span class=\"screen-reader-text\">Helleborus: Die Arten<\/span> <span class=\"meta-nav\">&rarr;<\/span><\/a><\/p>\n","protected":false},"author":1,"featured_media":0,"parent":0,"menu_order":3280,"comment_status":"closed","ping_status":"closed","template":"","meta":{"ngg_post_thumbnail":0,"footnotes":""},"class_list":["post-1338","page","type-page","status-publish","hentry"],"_links":{"self":[{"href":"http:\/\/www.dedinkeltuin.nl\/index.php?rest_route=\/wp\/v2\/pages\/1338","targetHints":{"allow":["GET"]}}],"collection":[{"href":"http:\/\/www.dedinkeltuin.nl\/index.php?rest_route=\/wp\/v2\/pages"}],"about":[{"href":"http:\/\/www.dedinkeltuin.nl\/index.php?rest_route=\/wp\/v2\/types\/page"}],"author":[{"embeddable":true,"href":"http:\/\/www.dedinkeltuin.nl\/index.php?rest_route=\/wp\/v2\/users\/1"}],"replies":[{"embeddable":true,"href":"http:\/\/www.dedinkeltuin.nl\/index.php?rest_route=%2Fwp%2Fv2%2Fcomments&post=1338"}],"version-history":[{"count":7,"href":"http:\/\/www.dedinkeltuin.nl\/index.php?rest_route=\/wp\/v2\/pages\/1338\/revisions"}],"predecessor-version":[{"id":1717,"href":"http:\/\/www.dedinkeltuin.nl\/index.php?rest_route=\/wp\/v2\/pages\/1338\/revisions\/1717"}],"wp:attachment":[{"href":"http:\/\/www.dedinkeltuin.nl\/index.php?rest_route=%2Fwp%2Fv2%2Fmedia&parent=1338"}],"curies":[{"name":"wp","href":"https:\/\/api.w.org\/{rel}","templated":true}]}}