{"id":1428,"date":"2015-03-19T11:53:20","date_gmt":"2015-03-19T10:53:20","guid":{"rendered":"http:\/\/www.dedinkeltuin.nl\/?page_id=1428"},"modified":"2015-11-24T19:59:18","modified_gmt":"2015-11-24T18:59:18","slug":"galanthus-dvers","status":"publish","type":"page","link":"http:\/\/www.dedinkeltuin.nl\/?page_id=1428&lang=de","title":{"rendered":"Galanthus: Versorgung"},"content":{"rendered":"<p>Eigentlich ist nicht viel Pflege notwendig. Wenn der Boden in Ordnung ist, und wenn es genug Wasser im Fr\u00fchjahr gibt, und die Kaninchen nicht zu gierig, dann geht alles wie von alleine.<\/p>\n<p>Einige zus\u00e4tzliche Pflege ist f\u00fcr die jungen S\u00e4mlinge und die sehr jungen Pflanzen, die von Chipping oder Doppelskalierung entstanden sind, schon erforderlich. Sie d\u00fcrfen nicht erfrieren (daher die Erde in den T\u00f6pfen in der sie wachsen nicht v\u00f6llig einfrieren lassen). Diese sind auch speziell in der Vegetationszeit empfindlicher f\u00fcr Austrocknung als ausgewachsene Zwiebeln.<\/p>\n<p>Regelm\u00e4\u00dfige Kontrolle der Pflanzen und Zwiebel ist notwendig, insbesondere um Schimmel, die Pflanzen sch\u00e4digen ist zu vermeiden. F\u00fcr Liebhaber ist es nicht mehr m\u00f6glich, irgendwelche Fungizide zu verwenden. Also &#8230; schnell sein, wenn etwas verschimmelt. Werfen Sie sie das befallene Material so schnell wie m\u00f6glich im M\u00fclleimer! Und wenn Sie irgendwelche Nacktschnecken zu sehen bekommen, na ja, dann haben Sie auch ein kleines Problem. Zum Gl\u00fcck gibt es Hunderte von M\u00f6glichkeiten, um diese Kreaturen zu bek\u00e4mpfen, damit Sie Ihre Galanthus genie\u00dfen k\u00f6nnen, und nicht um ihren Hunger zu befriedigen.<\/p>\n<p>Wenn Sie neue Zwiebel erhalten, oder sie gekauft haben, ist es eigentlich eine gute Idee, sie nicht direkt zu pflanzen zwischen Ihren anderen wertvollen Schneegl\u00f6ckchen \u00a0im Garten. Vielmehr stellen Sie sie in einem entlegenen Winkel f\u00fcr ein Jahr. Wenn sie sich als krank erweisen, k\u00f6nnen sie zumindest nicht Ihre gesamte Sammlung schaden.<\/p>\n<p>Verwenden Sie keine D\u00fcngemittel (vielleicht ein wenig fl\u00fcssig D\u00fcnger ist ok), und es ist ausreichend um etwas Humus an den Stellen, wo die Schneegl\u00f6ckchen wachsen, im Herbst anzuwenden. Ein wenig Kalk scheint zu helfen. M\u00f6glicherweise stimuliert es die Mykorrhiza. Siehe auch &#8220;<strong><a href=\"http:\/\/www.dedinkeltuin.nl\/?page_id=1434\">D\u00fcngung<\/a><\/strong>&#8220;.<\/p>\n<p>&nbsp;<\/p>\n<p><a title=\"Galanthus dmenu\" href=\"http:\/\/www.dedinkeltuin.nl\/?page_id=1410\"><strong>Zur\u00fcck zur Hauptseite von Galanthus.<\/strong><\/a><\/p>\n","protected":false},"excerpt":{"rendered":"<p>Eigentlich ist nicht viel Pflege notwendig. Wenn der Boden in Ordnung ist, und wenn es genug Wasser im Fr\u00fchjahr gibt, und die Kaninchen nicht zu gierig, dann geht alles wie von alleine. Einige zus\u00e4tzliche Pflege ist f\u00fcr die jungen S\u00e4mlinge und die sehr jungen Pflanzen, die von Chipping oder Doppelskalierung entstanden sind, schon erforderlich. Sie &hellip; <a href=\"http:\/\/www.dedinkeltuin.nl\/?page_id=1428&#038;lang=de\" class=\"more-link\">Continue reading <span class=\"screen-reader-text\">Galanthus: Versorgung<\/span> <span class=\"meta-nav\">&rarr;<\/span><\/a><\/p>\n","protected":false},"author":1,"featured_media":0,"parent":0,"menu_order":3350,"comment_status":"closed","ping_status":"closed","template":"","meta":{"ngg_post_thumbnail":0,"footnotes":""},"class_list":["post-1428","page","type-page","status-publish","hentry"],"_links":{"self":[{"href":"http:\/\/www.dedinkeltuin.nl\/index.php?rest_route=\/wp\/v2\/pages\/1428","targetHints":{"allow":["GET"]}}],"collection":[{"href":"http:\/\/www.dedinkeltuin.nl\/index.php?rest_route=\/wp\/v2\/pages"}],"about":[{"href":"http:\/\/www.dedinkeltuin.nl\/index.php?rest_route=\/wp\/v2\/types\/page"}],"author":[{"embeddable":true,"href":"http:\/\/www.dedinkeltuin.nl\/index.php?rest_route=\/wp\/v2\/users\/1"}],"replies":[{"embeddable":true,"href":"http:\/\/www.dedinkeltuin.nl\/index.php?rest_route=%2Fwp%2Fv2%2Fcomments&post=1428"}],"version-history":[{"count":7,"href":"http:\/\/www.dedinkeltuin.nl\/index.php?rest_route=\/wp\/v2\/pages\/1428\/revisions"}],"predecessor-version":[{"id":3098,"href":"http:\/\/www.dedinkeltuin.nl\/index.php?rest_route=\/wp\/v2\/pages\/1428\/revisions\/3098"}],"wp:attachment":[{"href":"http:\/\/www.dedinkeltuin.nl\/index.php?rest_route=%2Fwp%2Fv2%2Fmedia&parent=1428"}],"curies":[{"name":"wp","href":"https:\/\/api.w.org\/{rel}","templated":true}]}}