{"id":1503,"date":"2015-03-19T17:37:38","date_gmt":"2015-03-19T16:37:38","guid":{"rendered":"http:\/\/www.dedinkeltuin.nl\/?page_id=1503"},"modified":"2025-10-13T19:53:24","modified_gmt":"2025-10-13T17:53:24","slug":"besucherinformationen","status":"publish","type":"page","link":"http:\/\/www.dedinkeltuin.nl\/?page_id=1503&lang=de","title":{"rendered":"Besucherinformationen"},"content":{"rendered":"<p>&nbsp;<\/p>\n<p>Er\u00f6ffnet am: 22. Februar- 28. Juni 2026, nur nach Vereinbarung. Stellen Sie Ihren Termin, indem Sie uns eine E-Mail schicken. Nutzen Sie dazu die &#8220;<strong><a href=\"http:\/\/www.dedinkeltuin.nl\/?page_id=1287\" data-wplink-edit=\"true\">Kontakt-Seite<\/a>&#8220;.<\/strong><\/p>\n<p><strong>Maximale Gruppengr\u00f6sse 15 Personen (nur wenn es die Corona-Regeln zulassen). Kleine Gruppen (ab 4 bis 6 personen) sind nat\u00fcrlich herzlich willkommen, aber nur nach Vereinbarung. Unser Garten ist leider nicht zug\u00e4nglich f\u00fcr Rollst\u00fchle und Rollatoren. Eintritt: \u20ac 5,00 pro Person (inkl Kaffee \/ Tee \/ etwas Leckeres und F\u00fchrung)<\/strong>.<\/p>\n<p>Adresse: De Gervelink 30, 7591 DT Denekamp, Niederlande.<\/p>\n<p>Wegbeschreibung: Von Deventer \/ Hengelo: A1 \/ E30, Ausfahrt 32, Oldenzaal \/ Denekamp. Folgen Sie der N342 nach&nbsp;Oldenzaal bis zum dritten Kreisverkehr, dann nehmen Sie die dritte Ausfahrt in Richtung Denekamp. Die Denekamperstraat wird die Oldenzaalsestraat, wenn man nach&nbsp;Denekamp f\u00e4hrt. Nach dem Ortsschild &#8220;Denekamp&#8221;, nehmen Sie die dritte Ausfahrt im Kreisverkehr. Auf die&nbsp;Singravenstraat, am n\u00e4chsten Kreisverkehr nehmen Sie die zweite Ausfahrt. Nach 100 Metern biegen Sie links ab, dann gleich rechts. Nummer 30 befindet sich am Ende der Stra\u00dfe.<br \/>\n<iframe loading=\"lazy\" style=\"border: 0px currentColor;\" src=\"https:\/\/www.google.com\/maps\/embed?pb=!1m18!1m12!1m3!1d19483.748528055712!2d6.998143000000008!3d52.380055620439215!2m3!1f0!2f0!3f0!3m2!1i1024!2i768!4f13.1!3m3!1m2!1s0x47b818efbc4ec2cd%3A0x9db664eacdd27682!2sDe+Gervelink+30%2C+7591+DT+Denekamp%2C+Nederland!5e0!3m2!1snl!2s!4v1409944100432\" width=\"600\" height=\"450\" frameborder=\"0\"><\/iframe><\/p>\n","protected":false},"excerpt":{"rendered":"<p>&nbsp; Er\u00f6ffnet am: 22. Februar- 28. Juni 2026, nur nach Vereinbarung. Stellen Sie Ihren Termin, indem Sie uns eine E-Mail schicken. Nutzen Sie dazu die &#8220;Kontakt-Seite&#8220;. Maximale Gruppengr\u00f6sse 15 Personen (nur wenn es die Corona-Regeln zulassen). Kleine Gruppen (ab 4 bis 6 personen) sind nat\u00fcrlich herzlich willkommen, aber nur nach Vereinbarung. Unser Garten ist leider &hellip; <a href=\"http:\/\/www.dedinkeltuin.nl\/?page_id=1503&#038;lang=de\" class=\"more-link\">Continue reading <span class=\"screen-reader-text\">Besucherinformationen<\/span> <span class=\"meta-nav\">&rarr;<\/span><\/a><\/p>\n","protected":false},"author":1,"featured_media":0,"parent":0,"menu_order":3500,"comment_status":"closed","ping_status":"closed","template":"","meta":{"ngg_post_thumbnail":0,"footnotes":""},"class_list":["post-1503","page","type-page","status-publish","hentry"],"_links":{"self":[{"href":"http:\/\/www.dedinkeltuin.nl\/index.php?rest_route=\/wp\/v2\/pages\/1503","targetHints":{"allow":["GET"]}}],"collection":[{"href":"http:\/\/www.dedinkeltuin.nl\/index.php?rest_route=\/wp\/v2\/pages"}],"about":[{"href":"http:\/\/www.dedinkeltuin.nl\/index.php?rest_route=\/wp\/v2\/types\/page"}],"author":[{"embeddable":true,"href":"http:\/\/www.dedinkeltuin.nl\/index.php?rest_route=\/wp\/v2\/users\/1"}],"replies":[{"embeddable":true,"href":"http:\/\/www.dedinkeltuin.nl\/index.php?rest_route=%2Fwp%2Fv2%2Fcomments&post=1503"}],"version-history":[{"count":47,"href":"http:\/\/www.dedinkeltuin.nl\/index.php?rest_route=\/wp\/v2\/pages\/1503\/revisions"}],"predecessor-version":[{"id":4778,"href":"http:\/\/www.dedinkeltuin.nl\/index.php?rest_route=\/wp\/v2\/pages\/1503\/revisions\/4778"}],"wp:attachment":[{"href":"http:\/\/www.dedinkeltuin.nl\/index.php?rest_route=%2Fwp%2Fv2%2Fmedia&parent=1503"}],"curies":[{"name":"wp","href":"https:\/\/api.w.org\/{rel}","templated":true}]}}