{"id":1523,"date":"2015-03-19T20:07:12","date_gmt":"2015-03-19T19:07:12","guid":{"rendered":"http:\/\/www.dedinkeltuin.nl\/?page_id=1523"},"modified":"2015-11-30T12:50:55","modified_gmt":"2015-11-30T11:50:55","slug":"helleborus-dalg-2","status":"publish","type":"page","link":"http:\/\/www.dedinkeltuin.nl\/?page_id=1523&lang=de","title":{"rendered":"Helleborus: Allgemeines"},"content":{"rendered":"<p>Helleborus geh\u00f6ren\u00a0einer Pflanzengattung\u00a0an, die durch eine Bl\u00fcte im Fr\u00fchjahr gepr\u00e4gt ist. Eine weitere angenehme Tatsache ist, dass die Pflanzen gut 25 Jahren an der gleichen Stelle, wachsen und gedeihen werden.<\/p>\n<p>Die Pflanzen\u00a0sind in der Regel sehr winterhart. Ausserdem\u00a0haben sie keine besonderen Anforderungen, aber sie sollten\u00a0nicht vollst\u00e4ndig austrocknen im Sommer. Auf sandigen B\u00f6den, is die Zugabe von Humus und m\u00f6glicherweise etwas Ton ratsam.<\/p>\n<p>Meine Erfahrung nach, sind\u00a0Helleborus nicht sehr w\u00e4hlerisch, wenn es um den Standort geht: im Schatten, Halbschatten und voller Sonne wachsen die Pflanzen gut.<\/p>\n<p>Kombinationen mit Schneegl\u00f6ckchen und Fr\u00fchjahr bl\u00fchende Iris-Arten\u00a0sind gro\u00dfartig. Im Sommer k\u00f6nnen Sie zwischen der Hellebores kleinblumige Clematis wachsen lassen und auch verschiedene Geranien-Arten kombinieren sehr gut.<\/p>\n<p>&nbsp;<\/p>\n<p><a title=\"Helleborus\" href=\"http:\/\/www.dedinkeltuin.nl\/?page_id=1310\"><strong>Zur\u00fcck zur Hauptseite von Helleborus.<\/strong><\/a><\/p>\n","protected":false},"excerpt":{"rendered":"<p>Helleborus geh\u00f6ren\u00a0einer Pflanzengattung\u00a0an, die durch eine Bl\u00fcte im Fr\u00fchjahr gepr\u00e4gt ist. Eine weitere angenehme Tatsache ist, dass die Pflanzen gut 25 Jahren an der gleichen Stelle, wachsen und gedeihen werden. Die Pflanzen\u00a0sind in der Regel sehr winterhart. Ausserdem\u00a0haben sie keine besonderen Anforderungen, aber sie sollten\u00a0nicht vollst\u00e4ndig austrocknen im Sommer. Auf sandigen B\u00f6den, is die Zugabe &hellip; <a href=\"http:\/\/www.dedinkeltuin.nl\/?page_id=1523&#038;lang=de\" class=\"more-link\">Continue reading <span class=\"screen-reader-text\">Helleborus: Allgemeines<\/span> <span class=\"meta-nav\">&rarr;<\/span><\/a><\/p>\n","protected":false},"author":1,"featured_media":0,"parent":0,"menu_order":3220,"comment_status":"closed","ping_status":"closed","template":"","meta":{"ngg_post_thumbnail":0,"footnotes":""},"class_list":["post-1523","page","type-page","status-publish","hentry"],"_links":{"self":[{"href":"http:\/\/www.dedinkeltuin.nl\/index.php?rest_route=\/wp\/v2\/pages\/1523","targetHints":{"allow":["GET"]}}],"collection":[{"href":"http:\/\/www.dedinkeltuin.nl\/index.php?rest_route=\/wp\/v2\/pages"}],"about":[{"href":"http:\/\/www.dedinkeltuin.nl\/index.php?rest_route=\/wp\/v2\/types\/page"}],"author":[{"embeddable":true,"href":"http:\/\/www.dedinkeltuin.nl\/index.php?rest_route=\/wp\/v2\/users\/1"}],"replies":[{"embeddable":true,"href":"http:\/\/www.dedinkeltuin.nl\/index.php?rest_route=%2Fwp%2Fv2%2Fcomments&post=1523"}],"version-history":[{"count":7,"href":"http:\/\/www.dedinkeltuin.nl\/index.php?rest_route=\/wp\/v2\/pages\/1523\/revisions"}],"predecessor-version":[{"id":1711,"href":"http:\/\/www.dedinkeltuin.nl\/index.php?rest_route=\/wp\/v2\/pages\/1523\/revisions\/1711"}],"wp:attachment":[{"href":"http:\/\/www.dedinkeltuin.nl\/index.php?rest_route=%2Fwp%2Fv2%2Fmedia&parent=1523"}],"curies":[{"name":"wp","href":"https:\/\/api.w.org\/{rel}","templated":true}]}}